{"id":818,"date":"2022-04-05T02:14:01","date_gmt":"2022-04-05T02:14:01","guid":{"rendered":"https:\/\/retroprogressiveyogainstitute.com\/?post_type=product&#038;p=818"},"modified":"2022-04-05T05:48:45","modified_gmt":"2022-04-05T05:48:45","slug":"soy-candle-root-chakra-muladhara","status":"publish","type":"product","link":"https:\/\/retroprogressiveinstitute.com\/he\/product\/soy-candle-root-chakra-muladhara\/","title":{"rendered":"Soy Candle Root Chakra Muladhara"},"content":{"rendered":"<p>These scented pure soy candles were crafted in accordance with ancient Kundalini wisdom in order to open and stimulate the seven main energy centers (chakras) located in our astral body. This candle is aesthetically pleasing while fulfilling the intention to bring serenity and the sense of being grounded.<\/p>\n<p><strong>Aroma:\u00a0<\/strong>This aromatherapy candle features Sandalwood.<\/p>\n<ul>\n<li>Top notes: Ocean Mist Accord, Shredded Coconut.<\/li>\n<li>Middle notes: Iris Petals, Coconut Milk, Cyclamen.<\/li>\n<li>Dry notes:\u00a0Mysore Sandalwood, Patchouli, Crystallized Musk.<\/li>\n<\/ul>\n<p><strong>Intention:<\/strong>\u00a0Burn this candle to facilitate the opening of the Muladhara Chakra, the first energy center that, when functioning properly, brings the feeling of being grounded and serene. This chakra brings us in touch with the element of earth.<\/p>\n<p>\u201cIf m\u016bl\u0101dh\u0101ra-cakra is functioning normally, we experience an intense desire to live. It is closely tied to confidence and our relationship to money, home, and work. It influences our ability to nourish ourselves and stay strong. If this center is open, it allows us to clearly analyze situations we find ourselves in. We experience great strength of will, constancy, capacity for renewal, and we feel very close to nature. A proper connection with the first center keeps us appropriately situated in the physical reality, with a fighting spirit and essential tools for our development in the world.\u201d From the book\u00a0<em>Kundalini\u2026 the power is in you<\/em>\u00a0by Prabhuji.<\/p>\n","protected":false},"excerpt":{"rendered":"<p>Sandalwood<\/p>\n<p>Grounding and Serenity &#8211; 10.5oz<\/p>\n","protected":false},"featured_media":822,"menu_order":0,"comment_status":"closed","ping_status":"closed","template":"","meta":{"_seopress_robots_primary_cat":"","_seopress_titles_title":"","_seopress_titles_desc":"","_seopress_robots_index":"","_et_pb_use_builder":"","_et_pb_old_content":"","_et_gb_content_width":""},"product_cat":[32,33],"product_tag":[],"jetpack_sharing_enabled":true,"_links":{"self":[{"href":"https:\/\/retroprogressiveinstitute.com\/he\/wp-json\/wp\/v2\/product\/818"}],"collection":[{"href":"https:\/\/retroprogressiveinstitute.com\/he\/wp-json\/wp\/v2\/product"}],"about":[{"href":"https:\/\/retroprogressiveinstitute.com\/he\/wp-json\/wp\/v2\/types\/product"}],"replies":[{"embeddable":true,"href":"https:\/\/retroprogressiveinstitute.com\/he\/wp-json\/wp\/v2\/comments?post=818"}],"wp:featuredmedia":[{"embeddable":true,"href":"https:\/\/retroprogressiveinstitute.com\/he\/wp-json\/wp\/v2\/media\/822"}],"wp:attachment":[{"href":"https:\/\/retroprogressiveinstitute.com\/he\/wp-json\/wp\/v2\/media?parent=818"}],"wp:term":[{"taxonomy":"product_cat","embeddable":true,"href":"https:\/\/retroprogressiveinstitute.com\/he\/wp-json\/wp\/v2\/product_cat?post=818"},{"taxonomy":"product_tag","embeddable":true,"href":"https:\/\/retroprogressiveinstitute.com\/he\/wp-json\/wp\/v2\/product_tag?post=818"}],"curies":[{"name":"wp","href":"https:\/\/api.w.org\/{rel}","templated":true}]}}