{"id":4209,"date":"2022-10-18T22:33:28","date_gmt":"2022-10-18T22:33:28","guid":{"rendered":"https:\/\/retroprogressiveyogainstitute.com\/?post_type=product&#038;p=4209"},"modified":"2022-10-18T22:39:30","modified_gmt":"2022-10-18T22:39:30","slug":"kundalini-yoga-el-poder-esta-en-ti-tapa-dura","status":"publish","type":"product","link":"https:\/\/retroprogressiveinstitute.com\/es\/producto\/kundalini-yoga-el-poder-esta-en-ti-tapa-dura\/","title":{"rendered":"Kundalini yoga &#8211; el poder esta en ti (Tapa dura)"},"content":{"rendered":"<p>Ku\u1e47\u1e0dalin\u012b-yoga, el poder est\u00e1 en ti ofrece explicaciones precisas acerca de esta sabidur\u00eda ancestral. El libro esclarece los s\u00edntomas y los efectos del despertar de la ku\u1e47\u1e0dalin\u012b, y ofrece exactas descripciones acerca de cada chakra y su respectivo funcionamiento.<\/p>\n<p>El ku\u1e47\u1e0dalin\u012b-yoga apunta a la revelaci\u00f3n del secreto mismo de la creaci\u00f3n que yace en nuestro interior. Consiste en una invitaci\u00f3n a despertar nuestro dormido potencial divino. En lugar de aislarse del mundo y la vida, este sendero nos sugiere que en las profundidades de cada instante, se esconde lo eterno; en el interior de todo lugar, se encuentra el infinito; y dentro de cada ser humano, yace Dios.<\/p>\n<p>David, Ben Yosef, Har-Zion, quien escribe bajo el seudo\u0301nimo de Prabhuji, es un escritor, pintor y mi\u0301stico avadhu\u0304ta. Una experiencia mi\u0301stica acaecida a la edad de ocho an\u0303os lo impulso\u0301 a la bu\u0301squeda de<br \/>\nla Verdad. Desde entonces, ha dedicado su vida a profundizar en la temprana experiencia transformativa que marco\u0301 el comienzo de un proceso involutivo. Durante ma\u0301s de cincuenta an\u0303os, ha explorado y practicado diferentes religiones y senderos espirituales. Para e\u0301l,<br \/>\nel despertar de la conciencia, o la trascendencia del feno\u0301meno egoico, constituye el siguiente nivel del proceso evolutivo de la humanidad. Prabhuji ha optado por retirarse de la sociedad y adoptar una vida ermitan\u0303a. Pasa sus di\u0301as en soledad, orando, estudiando, escribiendo, pintando y meditando en silencio y contemplacio\u0301n.<\/p>\n<p>ISBN: 978-1-945894-01-5<br \/>\nLxWxH: 8\u2019\u2019x5\u2019\u2019x0.75\u2019\u2019<br \/>\nProduct Weight: 0.68 lb<br \/>\nCountry of origin: USA<\/p>\n","protected":false},"excerpt":{"rendered":"<p>Ku\u1e47\u1e0dalin\u012b-yoga, el poder est\u00e1 en ti ofrece explicaciones precisas acerca de esta sabidur\u00eda ancestral. El libro esclarece los s\u00edntomas y los efectos del despertar de la ku\u1e47\u1e0dalin\u012b, y ofrece exactas descripciones acerca de cada chakra y su respectivo funcionamiento. El ku\u1e47\u1e0dalin\u012b-yoga apunta a la revelaci\u00f3n del secreto mismo de la creaci\u00f3n que yace en nuestro [&hellip;]<\/p>\n","protected":false},"featured_media":4214,"menu_order":0,"comment_status":"closed","ping_status":"closed","template":"","meta":{"_seopress_robots_primary_cat":"none","_seopress_titles_title":"","_seopress_titles_desc":"","_seopress_robots_index":"","_et_pb_use_builder":"","_et_pb_old_content":"","_et_gb_content_width":""},"product_cat":[60],"product_tag":[],"jetpack_sharing_enabled":true,"_links":{"self":[{"href":"https:\/\/retroprogressiveinstitute.com\/es\/wp-json\/wp\/v2\/product\/4209"}],"collection":[{"href":"https:\/\/retroprogressiveinstitute.com\/es\/wp-json\/wp\/v2\/product"}],"about":[{"href":"https:\/\/retroprogressiveinstitute.com\/es\/wp-json\/wp\/v2\/types\/product"}],"replies":[{"embeddable":true,"href":"https:\/\/retroprogressiveinstitute.com\/es\/wp-json\/wp\/v2\/comments?post=4209"}],"wp:featuredmedia":[{"embeddable":true,"href":"https:\/\/retroprogressiveinstitute.com\/es\/wp-json\/wp\/v2\/media\/4214"}],"wp:attachment":[{"href":"https:\/\/retroprogressiveinstitute.com\/es\/wp-json\/wp\/v2\/media?parent=4209"}],"wp:term":[{"taxonomy":"product_cat","embeddable":true,"href":"https:\/\/retroprogressiveinstitute.com\/es\/wp-json\/wp\/v2\/product_cat?post=4209"},{"taxonomy":"product_tag","embeddable":true,"href":"https:\/\/retroprogressiveinstitute.com\/es\/wp-json\/wp\/v2\/product_tag?post=4209"}],"curies":[{"name":"wp","href":"https:\/\/api.w.org\/{rel}","templated":true}]}}