{"id":3720,"date":"2022-04-21T20:30:08","date_gmt":"2022-04-21T20:30:08","guid":{"rendered":"https:\/\/retroprogressiveyogainstitute.com\/?page_id=3720"},"modified":"2025-01-27T15:12:47","modified_gmt":"2025-01-27T15:12:47","slug":"prabhuji-hoy","status":"publish","type":"page","link":"https:\/\/retroprogressiveinstitute.com\/es\/prabhuji-hoy\/","title":{"rendered":"Prabhuji hoy"},"content":{"rendered":"<p>[et_pb_section fb_built=&#8221;1&#8243; _builder_version=&#8221;4.25.1&#8243; _module_preset=&#8221;default&#8221; background_color=&#8221;RGBA(255,255,255,0)&#8221; background_image=&#8221;https:\/\/retroprogressiveinstitute.com\/wp-content\/uploads\/2022\/10\/Second-part-background-with-Prabhuji-for-css10-scaled.jpg&#8221; parallax=&#8221;on&#8221; parallax_method=&#8221;off&#8221; custom_padding=&#8221;73px||96px|||&#8221; top_divider_style=&#8221;graph2&#8243; top_divider_color=&#8221;#202020&#8243; top_divider_height=&#8221;37px&#8221; top_divider_flip=&#8221;horizontal|vertical&#8221; global_colors_info=&#8221;{}&#8221;][et_pb_row _builder_version=&#8221;4.25.1&#8243; _module_preset=&#8221;default&#8221; background_color=&#8221;rgba(0,0,0,0)&#8221; use_background_color_gradient=&#8221;on&#8221; background_color_gradient_direction=&#8221;144deg&#8221; background_color_gradient_stops=&#8221;rgba(150,38,30,0.17) 8%|rgba(255,255,255,0) 100%&#8221; background_color_gradient_overlays_image=&#8221;on&#8221; background_color_gradient_start=&#8221;rgba(150,38,30,0.17)&#8221; background_color_gradient_start_position=&#8221;8%&#8221; background_color_gradient_end=&#8221;rgba(255,255,255,0)&#8221; background_image=&#8221;https:\/\/retroprogressiveinstitute.com\/wp-content\/uploads\/2022\/04\/peter-gargiulo-cGNCepznaV8-unsplash-scaled.jpg&#8221; parallax=&#8221;on&#8221; parallax_method=&#8221;off&#8221; background_enable_pattern_style=&#8221;on&#8221; background_pattern_style=&#8221;tufted&#8221; background_pattern_size=&#8221;custom&#8221; background_pattern_width=&#8221;0px&#8221; width=&#8221;66.3%&#8221; max_width=&#8221;1014px&#8221; module_alignment=&#8221;center&#8221; custom_margin=&#8221;|219px||auto||&#8221; custom_padding=&#8221;41px|80px|122px|80px||true&#8221; border_width_all=&#8221;1px&#8221; border_color_all=&#8221;rgba(224,216,201,0.24)&#8221; box_shadow_style=&#8221;preset1&#8243; box_shadow_color=&#8221;rgba(0,0,0,0.73)&#8221; global_colors_info=&#8221;{}&#8221;][et_pb_column type=&#8221;4_4&#8243; _builder_version=&#8221;4.18.0&#8243; _module_preset=&#8221;default&#8221; global_colors_info=&#8221;{}&#8221;][et_pb_post_title meta=&#8221;off&#8221; _builder_version=&#8221;4.18.0&#8243; _module_preset=&#8221;default&#8221; title_text_color=&#8221;#f5b065&#8243; custom_margin=&#8221;20px||14px|||&#8221; global_colors_info=&#8221;{}&#8221;][\/et_pb_post_title][et_pb_text _builder_version=&#8221;4.27.4&#8243; _module_preset=&#8221;default&#8221; custom_margin=&#8221;-4px|||||&#8221; global_colors_info=&#8221;{}&#8221;]<\/p>\n<p>Por Radha<\/p>\n<p>[\/et_pb_text][et_pb_text _builder_version=&#8221;4.27.4&#8243; _module_preset=&#8221;default&#8221; header_3_text_color=&#8221;#ea995b&#8221; header_3_line_height=&#8221;1.4em&#8221; text_orientation=&#8221;justified&#8221; custom_margin=&#8221;44px|||||&#8221; global_colors_info=&#8221;{}&#8221;]<\/p>\n<h3>Prabhuji est\u00e1 retirado de la vida p\u00fablica.<\/h3>\n<p>Prabhuji es un fiel miembro \u200eoficial del hinduismo, as\u00ed como un m\u00edstico advaita universalista. Combina su profundo compromiso religioso con \u200euna destacada labor art\u00edstica como escritor y pintor abstracto.\u00a0 Prabhuji es el \u00fanico disc\u00edpulo de S.D.G. Avadh\u016bta \u015ar\u012b Brahm\u0101nanda B\u0101b\u0101j\u012b Mah\u0101r\u0101ja, quien es a su vez uno de los m\u00e1s cercanos e \u00edntimos disc\u00edpulos de S.D.G. Avadh\u016bta \u015ar\u012b Mastar\u0101ma B\u0101b\u0101j\u012b Mah\u0101r\u0101ja.<\/p>\n<p>Guru Mah\u0101r\u0101ja guio a Prabhuji hasta otorgarle oficialmente los sacramentos de la sagrada orden de avadh\u016btas. Prabhuji fue designado como sucesor del linaje por su maestro, quien le confiri\u00f3 la responsabilidad de continuar la l\u00ednea de sucesi\u00f3n discipular de avadh\u016btas, o el sagrado parampar\u0101, design\u00e1ndolo oficialmente como gur\u00fa y orden\u00e1ndole servir como sucesor \u0100c\u0101rya con el nombre S.S. Avadh\u016bta Bhaktived\u0101nta Yog\u0101c\u0101rya \u015ar\u012b Ramakrishnananda B\u0101b\u0101j\u012b Mah\u0101r\u0101ja.<\/p>\n<p>Prabhuji es tambi\u00e9n disc\u00edpulo de S.D.G. Bhakti-kavi Atul\u0101nanda \u0100c\u0101rya Mah\u0101r\u0101ja, quien es disc\u00edpulo directo de S.D.G. A.C. Bhaktived\u0101nta Swami Prabhup\u0101da.<\/p>\n<p>En el a\u00f1o 2011, con las bendiciones de su Gurudeva, adopt\u00f3 el sendero del bhajan\u0101nand\u012b recluido y se retir\u00f3 de la sociedad a una vida erem\u00edtica contemplativa. Desde entonces, vive como un eremita religioso hind\u00fa cristiano-mariano independiente. Sus d\u00edas transcurren en soledad, orando, escribiendo, pintando y meditando en silencio y contemplaci\u00f3n.<\/p>\n<p>Ya no participa en sat-sa\u1e45gs<em>,<\/em> conferencias, encuentros, reuniones, retiros, seminarios, grupos de estudio o cursos. Les rogamos a todos respetar su privacidad y no tratar de contactarse con \u00e9l por ning\u00fan medio para pedir encuentros, audiencias, entrevistas, bendiciones, \u015baktip\u0101ta<em>,<\/em> iniciaciones o visitas personales.<\/p>\n<p>&nbsp;<\/p>\n<h3>Las ense\u00f1anzas de Prabhuji<\/h3>\n<p>Como avadh\u016bta y Maestro realizado, Prabhuji siempre ha apreciado la esencia y la sabidur\u00eda de una gran variedad de pr\u00e1cticas religiosas del mundo. Aunque muchos lo ven como un ser iluminado,<\/p>\n<p>Prabhuji no tiene la intenci\u00f3n de presentarse como una personalidad p\u00fablica, predicador, difusor de creencias, promotor de filosof\u00edas, gu\u00eda, coach, creador de contenido, persona influyente, preceptor, mentor, consejero, asesor, monitor, tutor, orientador, profesor, instructor, educador, iluminador, pedagogo, evangelista, rabino, posek halaj\u00e1, sanador, terapeuta, satsanguista, apuntador, ps\u00edquico, l\u00edder, m\u00e9dium, salvador, gur\u00fa de la Nueva Era o autoridad de ninguna clase, ya sea espiritual o material.<\/p>\n<p>Seg\u00fan Prabhuji, la b\u00fasqueda del Ser es \u200eindividual, solitaria, personal, privada e \u200e\u00edntima. No se trata de un esfuerzo colectivo \u200eque deba emprenderse a trav\u00e9s de la \u200ereligiosidad organizada, institucional o \u200ecomunitaria.<\/p>\n<p>Desde el a\u00f1o 2011, Prabhuji ha \u200ediscrepado de la espiritualidad practicada de \u200emanera social, comunal o colectiva. Por lo \u200etanto, no hace proselitismo ni predica, ni \u200eintenta persuadir, convencer o hacer que \u200ealguien cambie su perspectiva, filosof\u00eda o \u200ereligi\u00f3n.\u200e<\/p>\n<p>Muchos pueden considerar sus reflexiones valiosas y aplicarlas de manera parcial o total a su propio desarrollo, pero las ense\u00f1anzas de Prabhuji no deben interpretarse como un consejo personal, direcci\u00f3n, asesoramiento, instrucci\u00f3n, gu\u00eda, tutor\u00eda, m\u00e9todos de autoayuda o t\u00e9cnicas para el desarrollo espiritual, f\u00edsico, emocional o psicol\u00f3gico.<\/p>\n<p>Las ense\u00f1anzas propuestas no aspiran a ser soluciones definitivas a problemas espirituales, materiales, econ\u00f3micos, psicol\u00f3gicos, emocionales, rom\u00e1nticos, familiares, sociales o corporales de la vida. Prabhuji no promete milagros, experiencias m\u00edsticas, viajes astrales, sanaciones de ning\u00fan tipo, conectarse con esp\u00edritus, \u00e1ngeles o extraterrestres, viajes astrales a otros planetas, poderes sobrenaturales o salvaci\u00f3n espiritual.<\/p>\n<p>&nbsp;<\/p>\n<h3>La Misi\u00f3n Prabhuji<\/h3>\n<p>Prabhuji visit\u00f3 EE. UU. en el a\u00f1o 2000 y durante su estad\u00eda en Nueva York, se percat\u00f3 de que era el lugar m\u00e1s adecuado para fundar una organizaci\u00f3n religiosa. Le atrajeron especialmente el pluralismo y la actitud respetuosa de la sociedad americana hacia la libertad de culto. Le impresion\u00f3 el profundo respeto tanto del p\u00fablico como del gobierno hacia las minor\u00edas religiosas. Despu\u00e9s de consultarlo con sus maestros, y solicitar sus bendiciones, se traslad\u00f3 a los EE. UU. En el 2003, naci\u00f3 la Misi\u00f3n Prabhuji, una iglesia hind\u00fa, religiosa, espiritual, y ben\u00e9fica destinada a preservar la visi\u00f3n universal y pluralista del hinduismo de Prabhuji y su \u00abSendero Retroprogresivo\u00bb.<\/p>\n<p>Aunque el \u00e9nfasis de Prabhuji no ha sido atraer seguidores, durante 15 a\u00f1os (1995-2010), consider\u00f3 las solicitudes de algunas personas que se acercaron a \u00e9l pidiendo ser disc\u00edpulos mon\u00e1sticos. Aquellos que eligieron ver a Prabhuji como su maestro espiritual aceptaron voluntariamente votos de pobreza y dedican sus vidas a la pr\u00e1ctica espiritual (<em>s\u0101dhan\u0101<\/em>), la devoci\u00f3n religiosa (<em>bhakti<\/em>) y el servicio desinteresado (<em>seva<\/em>). Prabhuji ya no acepta nuevos disc\u00edpulos, pero contin\u00faa guiando al peque\u00f1o grupo de disc\u00edpulos veteranos de la Orden Mon\u00e1stica contemplativa que fund\u00f3 llamada Ramakrishnananda.<\/p>\n<p>El servicio y la glorificaci\u00f3n del gur\u00fa son principios espirituales fundamentales en el hinduismo. La Misi\u00f3n Prabhuji, siendo una iglesia hind\u00fa tradicional, practica la milenaria tradici\u00f3n de <em>guru-bhakti <\/em>de reverencia al maestro<\/p>\n<p>Prabhuji ha delegado a sus disc\u00edpulos la elecci\u00f3n entre mantener sus ense\u00f1anzas exclusivamente dentro de la orden mon\u00e1stica o difundir su mensaje para el beneficio p\u00fablico. Ante la petici\u00f3n expl\u00edcita de sus disc\u00edpulos, Prabhuji ha accedido a que se publiquen sus libros y se difundan sus conferencias, siempre que ello no comprometa su privacidad y su vida erem\u00edtica.<\/p>\n<p>Algunos disc\u00edpulos y amigos de la Misi\u00f3n Prabhuji, por iniciativa propia, contribuyen a preservar el legado de Prabhuji y sus ense\u00f1anzas interreligiosas para las generaciones futuras mediante la difusi\u00f3n de sus libros, videos de sus charlas internas y sitios web.<\/p>\n<p>&nbsp;<\/p>\n<h3>La v\u00eda sacra<\/h3>\n<p>En la sagrada traves\u00eda hacia la trascendencia, Prabhuji consolid\u00f3 hace ya un tiempo su resoluci\u00f3n de no disturbar a quienes no mostrasen inter\u00e9s en compartir su senda. Este acto no es meramente un desprendimiento, sino una elecci\u00f3n deliberada para preservar la esencia de la ruta migratoria: un compromiso hacia la autenticidad y la profundizaci\u00f3n en la autoinvestigaci\u00f3n. Tal decisi\u00f3n, lejos de ser un abandono, es un respetuoso reconocimiento de la autonom\u00eda individual hacia la divergencia de destinos y aspiraciones. En esta jornada, la selecci\u00f3n de compa\u00f1eros de ruta no es un mero capricho, sino un ejercicio de discernimiento cr\u00edtico y de alineaci\u00f3n con aquellos cuyas miras se entrelazan con las suyas en la b\u00fasqueda de nuestro hogar en el interior de la casa.<\/p>\n<p>&nbsp;<\/p>\n<h3>Servicios p\u00fablicos<\/h3>\n<p>La Misi\u00f3n Prabhuji opera un templo hind\u00fa llamado \u015ar\u012b \u015ar\u012b Bhagav\u0101n Yeshua Jagat Janan\u012b Miriam Prem\u0101nanda Mandir, el cual ofrece adoraci\u00f3n y ceremonias religiosas a los feligreses. La extensa biblioteca del Instituto Retroprogresivo proporciona a sus profesores abundante material de estudio para investigar las diversas teolog\u00edas y filosof\u00edas exploradas por Prabhuji en sus libros y conferencias. El monasterio Avadhutashram educa a los disc\u00edpulos mon\u00e1sticos en diversos aspectos del enfoque de Prabhuji sobre el hinduismo y les ofrece la oportunidad de expresar devoci\u00f3n a Dios en forma de servicio devocional, contribuyendo desinteresadamente con sus habilidades y formaci\u00f3n a los programas de la Misi\u00f3n, como el Programa de Distribuci\u00f3n de Alimentos Prabhuji, un evento semanal en el que decenas de familias necesitadas del norte de Nueva York reciben alimentos frescos y nutritivos.<\/p>\n<p>A pesar de que el monasterio no acepta nuevos residentes, voluntarios, donaciones, colaboraciones o patrocinios, el p\u00fablico est\u00e1 invitado a participar en los servicios religiosos diarios y los festivales devocionales del templo \u015ar\u012b \u015ar\u012b Bhagav\u0101n Yeshua Jagat Janan\u012b Miriam Prem\u0101nanda Mandir.<\/p>\n<p>[\/et_pb_text][\/et_pb_column][\/et_pb_row][\/et_pb_section]<\/p>\n","protected":false},"excerpt":{"rendered":"<p>Por RadhaPrabhuji est\u00e1 retirado de la vida p\u00fablica. Prabhuji es un fiel miembro \u200eoficial del hinduismo, as\u00ed como un m\u00edstico advaita universalista. Combina su profundo compromiso religioso con \u200euna destacada labor art\u00edstica como escritor y pintor abstracto.\u00a0 Prabhuji es el \u00fanico disc\u00edpulo de S.D.G. Avadh\u016bta \u015ar\u012b Brahm\u0101nanda B\u0101b\u0101j\u012b Mah\u0101r\u0101ja, quien es a su vez uno [&hellip;]<\/p>\n","protected":false},"author":2,"featured_media":0,"parent":0,"menu_order":0,"comment_status":"closed","ping_status":"closed","template":"","meta":{"_seopress_robots_primary_cat":"","_seopress_titles_title":"","_seopress_titles_desc":"","_seopress_robots_index":"","_et_pb_use_builder":"on","_et_pb_old_content":"<p>[et_pb_section fb_built=\"1\" _builder_version=\"4.18.0\" _module_preset=\"default\" background_color=\"RGBA(255,255,255,0)\" background_image=\"https:\/\/retroprogressiveyogainstitute.com\/wp-content\/uploads\/2022\/10\/Second-part-background-with-Prabhuji-for-css12-scaled.jpg\" parallax=\"on\" parallax_method=\"off\" custom_padding=\"73px||96px|||\" top_divider_style=\"graph2\" top_divider_color=\"#202020\" top_divider_height=\"37px\" top_divider_flip=\"horizontal|vertical\" global_colors_info=\"{}\"][et_pb_row _builder_version=\"4.18.0\" _module_preset=\"default\" background_color=\"rgba(0,0,0,0)\" use_background_color_gradient=\"on\" background_color_gradient_direction=\"144deg\" background_color_gradient_stops=\"rgba(150,38,30,0.17) 8%|rgba(255,255,255,0) 100%\" background_color_gradient_overlays_image=\"on\" background_color_gradient_start=\"rgba(150,38,30,0.17)\" background_color_gradient_start_position=\"8%\" background_color_gradient_end=\"rgba(255,255,255,0)\" background_image=\"https:\/\/retroprogressiveyogainstitute.com\/wp-content\/uploads\/2022\/04\/peter-gargiulo-cGNCepznaV8-unsplash-scaled.jpg\" parallax=\"on\" parallax_method=\"off\" background_enable_pattern_style=\"on\" background_pattern_style=\"tufted\" background_pattern_size=\"custom\" background_pattern_width=\"0px\" width=\"66.3%\" max_width=\"1014px\" module_alignment=\"center\" custom_margin=\"|219px||auto||\" custom_padding=\"41px|80px|159px|80px||true\" border_width_all=\"1px\" border_color_all=\"rgba(224,216,201,0.24)\" box_shadow_style=\"preset1\" box_shadow_color=\"rgba(0,0,0,0.73)\" global_colors_info=\"{}\"][et_pb_column type=\"4_4\" _builder_version=\"4.18.0\" _module_preset=\"default\" global_colors_info=\"{}\"][et_pb_post_title meta=\"off\" _builder_version=\"4.18.0\" _module_preset=\"default\" title_text_color=\"#f5b065\" global_colors_info=\"{}\" custom_margin=\"20px||31px|||\"][\/et_pb_post_title][et_pb_text _builder_version=\"4.18.0\" _module_preset=\"default\" header_3_text_color=\"#ea995b\" header_3_line_height=\"1.4em\" text_orientation=\"justified\" global_colors_info=\"{}\" custom_margin=\"15px|||||\"]<\/p><h3>Prabhuji is retired from public life<\/h3><p>Prabhuji is a writer, painter, <em>avadh\u016bta<\/em> mystic, and the creator of the \u201cRetroprogressive Yoga.\u201d He is the sole disciple of H.D.G. Avadh\u016bta \u015ar\u012b Brahm\u0101nanda B\u0101b\u0101j\u012b Mah\u0101r\u0101ja, who is called by Prabhuji Guru Mah\u0101r\u0101ja, and who is himself a disciple of H.D.G. Avadh\u016bta \u015ar\u012b Mastar\u0101ma B\u0101b\u0101j\u012b Mah\u0101r\u0101ja.<\/p><p>Guru Mah\u0101r\u0101ja appointed Prabhuji the successor of the lineage and conferred upon him the responsibility of continuing the line of disciplic succession of <em>avadh\u016btas<\/em>, or the sacred <em>parampar\u0101<\/em>, officially designating him as guru and successor \u0100c\u0101rya with the name H.H. Avadh\u016bta Bhaktived\u0101nta Yog\u0101c\u0101rya Ramakrishnananda B\u0101b\u0101j\u012b Mah\u0101r\u0101ja.<\/p><p>In 2011, he chose to retire from society and lead the life of a hermit. Since then, his days have been spent in solitude, praying, writing, painting, and meditating in silence and contemplation. He no longer participates in <em>sat-sa\u1e45gs<\/em>, lectures, gatherings, meetings, retreats, seminars, study groups, or courses. We ask everyone to respect his privacy and do not try to contact him by any means for gatherings, meetings, interviews, blessings, <em>\u015baktip\u0101ta<\/em>, initiations, or personal visits.<\/p><p>\u00a0<\/p><h3>Prabhuji\u2019s teachings<\/h3><p>As a mystic, Hindu <em>avadh\u016bta<\/em>, and realized Spiritual Master, Prabhuji has always appreciated and shared the essence and spiritual wisdom of a wide variety of religious practices from around the world. He does not consider himself a member or representative of any particular religion. Although many see him as an enlightened being, Prabhuji has no intention to present himself as a preacher, guide, coach, content creator, influencer, preceptor, mentor, counselor, consultant, monitor, tutor, teacher, instructor, educator, enlightener, pedagogue, evangelist, rabbi, <em>posek halacha<\/em>, healer, therapist, satsangist, psychic, leader, medium, savior, or guru. In fact, Prabhuji believes spirituality is an individual, solitary, personal, private, and intimate search. It is not a collective endeavor to be undertaken through social, organized, institutional, or community religiosity.<\/p><p>To that end, Prabhuji does not proselytize or preach, nor does he try to persuade, convince, or make anyone change their perspective, philosophy, or religion. Instead, he shares his personal experiences, lessons, and realizations, and does so through books and lectures that are available online. Others may find his thoughts and practices helpful in their personal spiritual journeys, but Prabhuji\u2019s teachings are not meant to be seen as personal advice, counseling, guidance, self-help methods, or techniques for spiritual, physical, or psychological development. He only seeks to share what he has experienced on his own spiritual journey. His experiences will not provide solutions to all of life\u2019s spiritual, material, financial, psychological, emotional, family, social, or physical problems. Prabhuji does not promise miracles, mystical experiences, supernatural powers, or spiritual salvation.<\/p><p>\u00a0<\/p><h3>The Prabhuji Mission<\/h3><p>Prabhuji visited the United States in 2000 and during his stay in New York, he realized that it was the most appropriate country he had ever known to found a non-profit religious organization to preserve his teachings and literary work. He was particularly attracted by the pluralism and respectful attitude of American society toward freedom of religion. He was impressed by the deep respect of both the public and the government for religious minorities. After consulting with his master, H.D.G. Avadh\u016bta \u015ar\u012b Brahm\u0101nanda B\u0101b\u0101j\u012b Mah\u0101r\u0101ja, and requesting his blessings, in 2001 he relocated to the United States. In 2003, the Prabhuji Mission was born, a Hindu church aimed at preserving Prabhuji\u2019s universal and pluralistic vision of Hinduism and his \u201cRetroprogressive Yoga.\u201d<\/p><p>Although Prabhuji\u2019s emphasis has not been on attracting followers, for 15 years (1995\u20132010) he considered the requests of a few people who asked him to be monastic disciples. Those who chose to see Prabhuji as their spiritual master voluntarily accepted vows of poverty and life-long dedication to spiritual practice (<em>s\u0101dhan\u0101<\/em>), religious devotion (<em>bhakti<\/em>), and selfless service (<em>seva<\/em>). Although Prabhuji no longer accepts new disciples, he continues to guide the small group of veteran disciples of the Ramakrishnananda Monastic Order that he founded.<\/p><p>Service and glorification of the guru are fundamental spiritual principles in Hinduism. The Prabhuji Mission, as a traditional Hindu church, practices the millenary <em>guru-bhakti<\/em> tradition of reverence to the master. Some disciples and friends of the Prabhuji Mission, on their own initiative, help to preserve Prabhuji\u2019s legacy and his interfaith teachings for future generations by disseminating his books, videos of his internal talks, and websites.<\/p><p>\u00a0<\/p><h3>Public services<\/h3><p>The Prabhuji Mission operates a Hindu temple named \u015ar\u012b \u015ar\u012b Radha-\u015ay\u0101masundara Mandir, which offers worship and religious ceremonies to parishioners. An extensive library and virtual institute offer religious and spiritual education about many theologies and philosophies for those who want to study Prabhuji\u2019s message in depth. Finally, the Avadhutashram monastery educates monastic disciples on various aspects of Prabhuji\u2019s approach to Hinduism and offers them the opportunity to express devotion to God through devotional service by selflessly contributing their skills and training to the Mission\u2019s programs, such as the Prabhuji Food Distribution program, among others.<\/p><p>Although the monastery does not accept new residents or volunteers, and no donations, collaborations, or sponsorships are solicited or encouraged, the public is cordially invited to participate in daily religious services and attend devotional festivals at the \u015ar\u012b \u015ar\u012b Radha-\u015ay\u0101masundara Mandir temple.<\/p><p>[\/et_pb_text][\/et_pb_column][\/et_pb_row][\/et_pb_section]<\/p>","_et_gb_content_width":"","footnotes":""},"jetpack_sharing_enabled":true,"_links":{"self":[{"href":"https:\/\/retroprogressiveinstitute.com\/es\/wp-json\/wp\/v2\/pages\/3720"}],"collection":[{"href":"https:\/\/retroprogressiveinstitute.com\/es\/wp-json\/wp\/v2\/pages"}],"about":[{"href":"https:\/\/retroprogressiveinstitute.com\/es\/wp-json\/wp\/v2\/types\/page"}],"author":[{"embeddable":true,"href":"https:\/\/retroprogressiveinstitute.com\/es\/wp-json\/wp\/v2\/users\/2"}],"replies":[{"embeddable":true,"href":"https:\/\/retroprogressiveinstitute.com\/es\/wp-json\/wp\/v2\/comments?post=3720"}],"version-history":[{"count":28,"href":"https:\/\/retroprogressiveinstitute.com\/es\/wp-json\/wp\/v2\/pages\/3720\/revisions"}],"predecessor-version":[{"id":8731,"href":"https:\/\/retroprogressiveinstitute.com\/es\/wp-json\/wp\/v2\/pages\/3720\/revisions\/8731"}],"wp:attachment":[{"href":"https:\/\/retroprogressiveinstitute.com\/es\/wp-json\/wp\/v2\/media?parent=3720"}],"curies":[{"name":"wp","href":"https:\/\/api.w.org\/{rel}","templated":true}]}}