{"id":3707,"date":"2022-10-07T18:20:53","date_gmt":"2022-10-07T18:20:53","guid":{"rendered":"https:\/\/retroprogressiveyogainstitute.com\/?page_id=3707"},"modified":"2025-01-27T15:59:47","modified_gmt":"2025-01-27T15:59:47","slug":"sobre-el-instituto","status":"publish","type":"page","link":"https:\/\/retroprogressiveinstitute.com\/es\/sobre-el-instituto\/","title":{"rendered":"Sobre el instituto"},"content":{"rendered":"<p>[et_pb_section fb_built=&#8221;1&#8243; _builder_version=&#8221;4.18.0&#8243; _module_preset=&#8221;default&#8221; background_color=&#8221;RGBA(255,255,255,0)&#8221; background_image=&#8221;https:\/\/retroprogressiveinstitute.com\/wp-content\/uploads\/2022\/10\/Second-part-background-with-Prabhuji-for-css12-scaled.jpg&#8221; parallax=&#8221;on&#8221; parallax_method=&#8221;off&#8221; custom_padding=&#8221;98px||100px|||&#8221; top_divider_style=&#8221;graph2&#8243; top_divider_color=&#8221;#202020&#8243; top_divider_height=&#8221;37px&#8221; top_divider_flip=&#8221;horizontal|vertical&#8221; global_colors_info=&#8221;{}&#8221;][et_pb_row _builder_version=&#8221;4.19.0&#8243; _module_preset=&#8221;default&#8221; background_color=&#8221;rgba(0,0,0,0)&#8221; use_background_color_gradient=&#8221;on&#8221; background_color_gradient_direction=&#8221;144deg&#8221; background_color_gradient_stops=&#8221;rgba(150,38,30,0.17) 8%|rgba(255,255,255,0) 100%&#8221; background_color_gradient_overlays_image=&#8221;on&#8221; background_color_gradient_start=&#8221;rgba(150,38,30,0.17)&#8221; background_color_gradient_start_position=&#8221;8%&#8221; background_color_gradient_end=&#8221;rgba(255,255,255,0)&#8221; background_image=&#8221;https:\/\/retroprogressiveinstitute.com\/wp-content\/uploads\/2022\/04\/peter-gargiulo-cGNCepznaV8-unsplash-scaled.jpg&#8221; parallax=&#8221;on&#8221; parallax_method=&#8221;off&#8221; max_width=&#8221;941px&#8221; module_alignment=&#8221;center&#8221; custom_padding=&#8221;61px|94px|124px|94px||true&#8221; border_width_all=&#8221;1px&#8221; border_color_all=&#8221;rgba(224,216,201,0.24)&#8221; box_shadow_style=&#8221;preset1&#8243; box_shadow_color=&#8221;rgba(0,0,0,0.73)&#8221; global_colors_info=&#8221;{}&#8221;][et_pb_column type=&#8221;4_4&#8243; _builder_version=&#8221;4.18.0&#8243; _module_preset=&#8221;default&#8221; global_colors_info=&#8221;{}&#8221;][et_pb_post_title meta=&#8221;off&#8221; _builder_version=&#8221;4.18.0&#8243; _module_preset=&#8221;default&#8221; title_text_color=&#8221;#f5b065&#8243; hover_enabled=&#8221;0&#8243; global_colors_info=&#8221;{}&#8221; custom_margin=&#8221;-9px|||||&#8221; sticky_enabled=&#8221;0&#8243;][\/et_pb_post_title][et_pb_text _builder_version=&#8221;4.27.4&#8243; _module_preset=&#8221;default&#8221; hover_enabled=&#8221;0&#8243; sticky_enabled=&#8221;0&#8243; custom_margin=&#8221;-16px|||||&#8221;]<\/p>\n<p>Por Yogacharya Sri Gopal Das Prabhu<\/p>\n<p>[\/et_pb_text][et_pb_text _builder_version=&#8221;4.23.1&#8243; _module_preset=&#8221;default&#8221; text_line_height=&#8221;1.9em&#8221; text_orientation=&#8221;justified&#8221; custom_margin=&#8221;31px|-15px|2px|-14px||&#8221; custom_padding=&#8221;54px|62px|53px|58px||&#8221; border_width_all=&#8221;1px&#8221; border_color_all=&#8221;rgba(224,216,201,0.24)&#8221; box_shadow_style=&#8221;preset1&#8243; box_shadow_color=&#8221;rgba(0,0,0,0.72)&#8221; global_colors_info=&#8221;{}&#8221;]<\/p>\n<p>El Instituto de Yoga Retroprogresivo aspira a perpetuar las ense\u00f1anzas de Prabhuji para las generaciones futuras. El personal del Instituto est\u00e1 compuesto por disc\u00edpulos mon\u00e1sticos directos de Prabhuji que, tras d\u00e9cadas de estudio bajo su tutela, han alcanzado la distinci\u00f3n de Maestros. Dado el amplio espectro de la obra de Prabhuji, las profundas interpretaciones de estos Maestros son cruciales para facilitar una comprensi\u00f3n m\u00e1s profunda de sus libros y ponencias.<\/p>\n<p>Aunque el \u00e9nfasis de Prabhuji no ha sido atraer seguidores, durante 15 a\u00f1os (1995-2010), consider\u00f3 las solicitudes de algunas personas que se acercaron a \u00e9l, pidiendo ser disc\u00edpulos mon\u00e1sticos. Aquellos que eligieron ver a Prabhuji como su maestro espiritual aceptaron voluntariamente votos de pobreza dedicando sus vidas a la pr\u00e1ctica espiritual (s\u0101dhan\u0101), la devoci\u00f3n religiosa (bhakti) y el servicio desinteresado (seva). Pese a que han transcurrido m\u00e1s de trece a\u00f1os desde que Prabhuji cerr\u00f3 las puertas a la aceptaci\u00f3n de nuevos disc\u00edpulos, su influencia y orientaci\u00f3n persisten inalterables sobre el reducido pero experimentado grupo de seguidores pertenecientes a la Orden Mon\u00e1stica Ramakrishnananda, una instituci\u00f3n de su propia fundaci\u00f3n.<\/p>\n<p>Este grupo de disc\u00edpulos veteranos, a\u00fan bajo su tutela, refleja la continuidad y el legado de sus ense\u00f1anzas. La reducci\u00f3n del c\u00edrculo de disc\u00edpulos no ha disminuido la profundidad de su gu\u00eda; al contrario, ha permitido centrarse m\u00e1s en aquellos que han permanecido comprometidos con sus ense\u00f1anzas desde los inicios de la Orden. Este peque\u00f1o grupo, formado por disc\u00edpulos mon\u00e1sticos que han acompa\u00f1ado a su maestro durante una media de treinta a\u00f1os, ha dedicado este tiempo a estudiar y practicar intensamente los numerosos caminos espirituales recorridos por Prabhuji. Cada uno de estos disc\u00edpulos ha recibido instrucci\u00f3n directa de Prabhuji, asimilando e incorporando a su pr\u00e1ctica personal los caminos espirituales explorados por \u00e9l.<\/p>\n<p>Es importante destacar que los Maestros del Instituto no pretenden imponer sus interpretaciones de las ense\u00f1anzas de Prabhuji como verdades absolutas. Su papel es m\u00e1s bien el de facilitadores, ofreciendo perspectivas personales sobre estas doctrinas. En lugar de recibir pasivamente informaci\u00f3n, esta metodolog\u00eda invita a los estudiantes a ejercer un juicio cr\u00edtico y maduro, elemento esencial para un desarrollo genuinamente retroprogresivo. Se espera que, a trav\u00e9s de esta reflexi\u00f3n, los asistentes desarrollen sus propias interpretaciones y conclusiones. Esta iniciativa fomenta un entorno amplio en el que la comprensi\u00f3n se considera un proceso colaborativo y evolutivo, en lugar de la aceptaci\u00f3n de una verdad inmutable y absoluta transmitida por la autoridad del profesor.<\/p>\n<p>[\/et_pb_text][\/et_pb_column][\/et_pb_row][\/et_pb_section]<\/p>\n","protected":false},"excerpt":{"rendered":"<p>Por Yogacharya Sri Gopal Das PrabhuEl Instituto de Yoga Retroprogresivo aspira a perpetuar las ense\u00f1anzas de Prabhuji para las generaciones futuras. El personal del Instituto est\u00e1 compuesto por disc\u00edpulos mon\u00e1sticos directos de Prabhuji que, tras d\u00e9cadas de estudio bajo su tutela, han alcanzado la distinci\u00f3n de Maestros. Dado el amplio espectro de la obra de [&hellip;]<\/p>\n","protected":false},"author":2,"featured_media":0,"parent":0,"menu_order":0,"comment_status":"closed","ping_status":"closed","template":"","meta":{"_seopress_robots_primary_cat":"","_seopress_titles_title":"","_seopress_titles_desc":"","_seopress_robots_index":"","_et_pb_use_builder":"on","_et_pb_old_content":"<p>[et_pb_section fb_built=\"1\" _builder_version=\"4.18.0\" _module_preset=\"default\" background_color=\"RGBA(255,255,255,0)\" background_image=\"https:\/\/retroprogressiveyogainstitute.com\/wp-content\/uploads\/2022\/10\/Second-part-background-with-Prabhuji-for-css12-scaled.jpg\" parallax=\"on\" parallax_method=\"off\" custom_padding=\"98px||100px|||\" top_divider_style=\"graph2\" top_divider_color=\"#202020\" top_divider_height=\"37px\" top_divider_flip=\"horizontal|vertical\" global_colors_info=\"{}\"][et_pb_row _builder_version=\"4.18.0\" _module_preset=\"default\" background_color=\"rgba(0,0,0,0)\" use_background_color_gradient=\"on\" background_color_gradient_direction=\"144deg\" background_color_gradient_stops=\"rgba(150,38,30,0.17) 8%|rgba(255,255,255,0) 100%\" background_color_gradient_overlays_image=\"on\" background_color_gradient_start=\"rgba(150,38,30,0.17)\" background_color_gradient_start_position=\"8%\" background_color_gradient_end=\"rgba(255,255,255,0)\" background_image=\"https:\/\/retroprogressiveyogainstitute.com\/wp-content\/uploads\/2022\/04\/peter-gargiulo-cGNCepznaV8-unsplash-scaled.jpg\" parallax=\"on\" parallax_method=\"off\" width=\"31%\" max_width=\"941px\" module_alignment=\"center\" custom_padding=\"79px|94px|124px|94px||true\" border_width_all=\"1px\" border_color_all=\"rgba(224,216,201,0.24)\" box_shadow_style=\"preset1\" box_shadow_color=\"rgba(0,0,0,0.73)\" global_colors_info=\"{}\"][et_pb_column type=\"4_4\" _builder_version=\"4.18.0\" _module_preset=\"default\" global_colors_info=\"{}\"][et_pb_post_title meta=\"off\" _builder_version=\"4.18.0\" _module_preset=\"default\" title_text_color=\"#f5b065\" global_colors_info=\"{}\"][\/et_pb_post_title][et_pb_text _builder_version=\"4.18.0\" _module_preset=\"default\" text_line_height=\"1.9em\" text_orientation=\"justified\" custom_margin=\"15px|-15px|2px|-14px||\" custom_padding=\"54px|62px|53px|58px||\" border_width_all=\"1px\" border_color_all=\"rgba(224,216,201,0.24)\" box_shadow_style=\"preset1\" box_shadow_color=\"rgba(0,0,0,0.72)\" global_colors_info=\"{}\"]<\/p><p>The Retro-progressive Yoga Institute has been created with the aim of preserving Prabhuji\u2019s teachings for future generations. All the teachers are monastic disciples of Prabhuji. They have personally studied with him for decades and have reached the level of Masters in the wisdom of Retroprogressive Yoga. Since Prabhuji talks about such a wide variety of topics, detailed explanations by these teachers help understand his books and lectures. The Institute offers free talks and courses at different levels. They provide basic tools and essential support to comprehend Prabhuji\u2019s message.<\/p><p>[\/et_pb_text][\/et_pb_column][\/et_pb_row][\/et_pb_section]<\/p>","_et_gb_content_width":"","footnotes":""},"jetpack_sharing_enabled":true,"_links":{"self":[{"href":"https:\/\/retroprogressiveinstitute.com\/es\/wp-json\/wp\/v2\/pages\/3707"}],"collection":[{"href":"https:\/\/retroprogressiveinstitute.com\/es\/wp-json\/wp\/v2\/pages"}],"about":[{"href":"https:\/\/retroprogressiveinstitute.com\/es\/wp-json\/wp\/v2\/types\/page"}],"author":[{"embeddable":true,"href":"https:\/\/retroprogressiveinstitute.com\/es\/wp-json\/wp\/v2\/users\/2"}],"replies":[{"embeddable":true,"href":"https:\/\/retroprogressiveinstitute.com\/es\/wp-json\/wp\/v2\/comments?post=3707"}],"version-history":[{"count":18,"href":"https:\/\/retroprogressiveinstitute.com\/es\/wp-json\/wp\/v2\/pages\/3707\/revisions"}],"predecessor-version":[{"id":8741,"href":"https:\/\/retroprogressiveinstitute.com\/es\/wp-json\/wp\/v2\/pages\/3707\/revisions\/8741"}],"wp:attachment":[{"href":"https:\/\/retroprogressiveinstitute.com\/es\/wp-json\/wp\/v2\/media?parent=3707"}],"curies":[{"name":"wp","href":"https:\/\/api.w.org\/{rel}","templated":true}]}}